{"id":191,"date":"2020-05-15T09:48:34","date_gmt":"2020-05-15T07:48:34","guid":{"rendered":"https:\/\/www.kirchensteuer-fastenaktion.de\/?page_id=191"},"modified":"2020-05-15T18:01:41","modified_gmt":"2020-05-15T16:01:41","slug":"zukunft-kirche","status":"publish","type":"page","link":"https:\/\/www.kirchensteuer-fastenaktion.de\/index.php\/zukunft-kirche\/","title":{"rendered":"Zukunft-Kirche"},"content":{"rendered":"\n<p>Der Verein Zukunft-Kirche stellt mit dieser Internetseite ein Podium f\u00fcr den Austausch von Informationen zur Verf\u00fcgung f\u00fcr alle Christinnen und Christen, die die Reformbestrebungen der Kirchen in Deutschland seit vielen Jahren mit verfolgen und auf eine oder andere Weise versuchten, sich im Sinne einer notwendigen Erneuerung zu engagieren. Es sind Menschen, die ihre Kirche als Zentrum ihrer spirituellen Heimat von ganzem Herzen lieben. Gerade deshalb leiden sie auch besonders unter dem zerst\u00f6rerischen Einfluss, den einige F\u00fchrungspers\u00f6nlichkeiten mit ihren ganz eigenen Auslegungen des Evangeliums innerhalb dieser Institution aus\u00fcben.<br><br>In der katholischen Kirche werden seit langem viele Reformprozesse, die beim zweiten vatikanischen Konzil angesto\u00dfen wurden, von reaktion\u00e4ren Kr\u00e4ften in der Kirchenhierarchie weiterhin &nbsp;blockiert. Dadurch entstand eine immer deutlicher werdende Diskrepanz zwischen dem Streben nach den Idealen von Menschenfreundlichkeit, Ehrlichkeit und Gerechtigkeit auf der einen und ein hartes Ringen um den Erhalt anachronistischer klerikaler Macht.<br><br>Aus diesem Grund haben sich Christinnen und Christen verschiedener Konfessionen zusammengefunden, um am 15. Januar 2020 diesen Verein zu gr\u00fcnden. Sie haben sich \u00fcber Jahrzehnte in verschiedenen Gruppen wie \u201eWir sind Kirche\u201c oder \u201ePro Concilio\u201c engagiert und miterlebt, wie alle Reformwilligen, Laien und professionelle Mitarbeiter, im Grunde die einzigen, die die Kirche vor Ort am Leben erhalten, von den gro\u00dfen Teilen der Kirchenhierarchie ignoriert, ja sogar angefeindet werden.<br><br>In dieser Not entstand der Name &nbsp;dieser Webseite, der auf die Diskussion um die Verweigerung der Kirchensteuerzahlung hinweist. Dies ist das sch\u00e4rfste Engagement gegen eine weitere Zerst\u00f6rung unserer spirituellen Heimat, das uns vor dem endg\u00fcltigen, kompletten Austritt noch \u00fcbrig bleibt.<br><br>So soll dieses Forum der Diskussion dem Austausch dienen um eine weitere, deutliche \u00fcber bisherige appellative Aktionen hinausgehende Ma\u00dfnahme, mit der Androhung eines Entzugs der Kirchensteuer den Reformverweigerern in der Kirchenhierarchie den Ernst der Lage deutlich zu machen. Wir unterst\u00fctzen ausdr\u00fccklich alle bisherigen Reformversuche bis zum derzeitig begonnenen \u201eSynodalen Weg\u201c, sehen aber auch, wie jedes Scheitern der bisherigen Aktionen der Erneuerung neue Kirchen-Austrittswellen ausl\u00f6st. Dieser, von einigen Bisch\u00f6fe initiierten katastrophalen Entwicklung wollen wir ein Modell entgegensetzen, das es nun zu erarbeiten gilt.<br><br>Dabei ist uns allen klar, dass die Diskussion um diese Frage unser bisheriges spirituelles und sozialpolitisches Engagement vor Ort, innerhalb und au\u00dferhalb von Kirchengemeinden, nicht behindern soll.&nbsp; Ganz im Gegenteil dazu, gerade erst durch Reduzierung klerikaler Macht, die auf mehr oder weniger subtile Weise immense Schuldgef\u00fchle bei den Gl\u00e4ubigen produziert, kann neue Lebensfreude im Sinne Jesu Christi entstehen und unser Engagement im eigentlichen Geist des Evangeliums neue St\u00e4rke erhalten.<\/p>\n\n\n\n<p class=\"has-medium-font-size\"><strong>Sie sind alle herzlich dazu eingeladen!<\/strong><\/p>\n\n\n\n<p class=\"has-medium-font-size\"><strong>Ein wichtiges Ziel ist unsere Vernetzung<\/strong>!<\/p>\n\n\n\n<p>Auf dieser Seite finden Sie die M\u00f6glichkeit, eigene <a href=\"https:\/\/www.kirchensteuer-fastenaktion.de\/index.php\/category\/leserbriefe\/\">Leserbriefe<\/a> zur Ver\u00f6ffentlichung, mit kompletter Adresse oder auch nur unter Angabe der Namensinitialen an die Redaktion zu schicken. Gerne nehmen wir auch l\u00e4ngere Beitr\u00e4ge zum F\u00fcr und Wider einer Kirchensteuerzahlung sowie Aufrufe und Links von und zu anderen Reformgruppen der Kirche mit auf, die sich in \u00e4hnlicher Weise um deren Fortbestand sorgen. Neben Ihren Meinungen und pers\u00f6nlichen Erlebnissen sind auch Beitr\u00e4ge willkommen, welche Erfahrungen mit bisherigen Kirchenaustritten und der Bildung m\u00f6glicher \u201eKorb\u201c-Modelle gemacht wurden. Letzteres sind z. B. eine Sammlung von Kirchenmitgliedern, die Ihre m\u00f6glicherweise geplanten Austrittsantr\u00e4ge in einem \u201eKorb\u201c sammeln, der dann, nach dem Ablauf einer bestimmten Frist nach der Nicht-Erf\u00fcllung einer Forderung (z. B. glaubhaft durchgef\u00fchrte Verbesserungen) an die Kirchen-Hierarchie, gemeinsam und mediengerecht eingereicht werden.<br><br>Direkte Kommentare zu den einzelnen <a href=\"https:\/\/www.kirchensteuer-fastenaktion.de\/index.php\/beitraege\/\">Beitr\u00e4gen<\/a> werden ebenso in bestimmten zeitlichen Abst\u00e4nden\u00a0 ver\u00f6ffentlicht werden. Wenn Sie an direkten R\u00fcckfragen oder Vernetzungsideen interessiert sind, w\u00e4re die Angabe Ihrer Email-Adresse notwendig!<br><br>Da wir uns derzeit noch in einem absoluten Anfangsstadium unserer Kirchensteuer-Fastenaktion befinden, bitten wir, uns die sicher noch auftauchenden M\u00e4ngel nachzusehen, freuen uns aber \u00fcber konstruktive Kritik und Verbesserungsvorschl\u00e4ge.<\/p>\n","protected":false},"excerpt":{"rendered":"<p>Der Verein Zukunft-Kirche stellt mit dieser Internetseite ein Podium f\u00fcr den Austausch von Informationen zur Verf\u00fcgung f\u00fcr alle Christinnen und &hellip; <a href=\"https:\/\/www.kirchensteuer-fastenaktion.de\/index.php\/zukunft-kirche\/\" class=\"more-link\">Weiter lesen <span class=\"screen-reader-text\">Zukunft-Kirche<\/span> <span class=\"meta-nav\">&rarr;<\/span><\/a><\/p>\n","protected":false},"author":3,"featured_media":0,"parent":0,"menu_order":0,"comment_status":"closed","ping_status":"closed","template":"","meta":{"footnotes":""},"_links":{"self":[{"href":"https:\/\/www.kirchensteuer-fastenaktion.de\/index.php\/wp-json\/wp\/v2\/pages\/191"}],"collection":[{"href":"https:\/\/www.kirchensteuer-fastenaktion.de\/index.php\/wp-json\/wp\/v2\/pages"}],"about":[{"href":"https:\/\/www.kirchensteuer-fastenaktion.de\/index.php\/wp-json\/wp\/v2\/types\/page"}],"author":[{"embeddable":true,"href":"https:\/\/www.kirchensteuer-fastenaktion.de\/index.php\/wp-json\/wp\/v2\/users\/3"}],"replies":[{"embeddable":true,"href":"https:\/\/www.kirchensteuer-fastenaktion.de\/index.php\/wp-json\/wp\/v2\/comments?post=191"}],"version-history":[{"count":6,"href":"https:\/\/www.kirchensteuer-fastenaktion.de\/index.php\/wp-json\/wp\/v2\/pages\/191\/revisions"}],"predecessor-version":[{"id":203,"href":"https:\/\/www.kirchensteuer-fastenaktion.de\/index.php\/wp-json\/wp\/v2\/pages\/191\/revisions\/203"}],"wp:attachment":[{"href":"https:\/\/www.kirchensteuer-fastenaktion.de\/index.php\/wp-json\/wp\/v2\/media?parent=191"}],"curies":[{"name":"wp","href":"https:\/\/api.w.org\/{rel}","templated":true}]}}